{"id":144,"date":"2022-11-14T11:35:53","date_gmt":"2022-11-14T10:35:53","guid":{"rendered":"https:\/\/pompesfunebrestoulon.com\/lebeausset\/?page_id=144"},"modified":"2022-11-14T11:35:53","modified_gmt":"2022-11-14T10:35:53","slug":"pompes-funebres-de-france-bandol","status":"publish","type":"page","link":"https:\/\/pompesfunebrestoulon.com\/lebeausset\/pompes-funebres-de-france-bandol\/","title":{"rendered":"POMPES FUNEBRES DE FRANCE &#8211; Bandol"},"content":{"rendered":"\n    \n    <section class=\"u-clearfix u-image u-section-2\" id=\"sec-4a8c\" data-image-width=\"2000\" data-image-height=\"853\" style=\"background-image: url(&quot;https:\/\/pompesfunebrestoulon.com\/lebeausset\/wp-content\/uploads\/sites\/13\/2022\/11\/pompes-funebres-de-france-1-1.jpg&quot;);\">\n      <div class=\"u-clearfix u-sheet u-sheet-1\"><\/div>\n    <\/section>\n    <section class=\"u-align-center u-clearfix u-section-3\" id=\"sec-5850\">\n      <div class=\"u-clearfix u-sheet u-valign-middle u-sheet-1\">\n        <div class=\"u-clearfix u-expanded-width u-layout-wrap u-layout-wrap-1\">\n          <div class=\"u-layout\">\n            <div class=\"u-layout-row\">\n              <div class=\"u-container-style u-image u-layout-cell u-size-30 u-image-1\" data-image-width=\"346\" data-image-height=\"217\" style=\"background-image: url(&quot;https:\/\/pompesfunebrestoulon.com\/lebeausset\/wp-content\/uploads\/sites\/13\/2022\/11\/avis-client-accueil-1.png&quot;);\">\n                <div class=\"u-container-layout u-container-layout-1\"><\/div>\n              <\/div>\n              <div class=\"u-container-style u-layout-cell u-size-30 u-layout-cell-2\">\n                <div class=\"u-container-layout u-container-layout-2\">\n                  <div class=\"fr-view u-clearfix u-rich-text u-text u-text-1\">\n                    <h5 style=\"text-align: left;\">Pompes Fun\u00e8bres de France - Bandol<\/h5>\n                    <p style=\"text-align: left;\">L\u2019agence fun\u00e9raire Pompes Fun\u00e8bres de France vous apporte son assistance pour vous aider \u00e0 g\u00e9rer la perte d\u2019un proche. Elle intervient sur la commune de Le Beausset et ses alentours 24h sur 24 et 7j sur 7, avec ou sans rendez-vous.<\/p>\n                    <p style=\"text-align: left;\">Des formules adapt\u00e9es \u00e0 toutes les situations sont propos\u00e9es et son \u00e9quipe est \u00e0 votre \u00e9coute pour toutes questions relatives aux obs\u00e8ques.<\/p>\n                  <\/div>\n                <\/div>\n              <\/div>\n            <\/div>\n          <\/div>\n        <\/div>\n      <\/div>\n    <\/section>\n    <section class=\"u-clearfix u-grey-light-2 u-typography-custom-page-typography-12--Map u-section-4\" id=\"sec-2dc2\">\n      <div class=\"u-clearfix u-sheet u-sheet-1\">\n        <div class=\"u-expanded-width u-grey-light-2 u-map u-map-1\">\n          <div class=\"embed-responsive\">\n            <iframe class=\"embed-responsive-item\" src=\"\/\/maps.google.com\/maps?output=embed&amp;q=POMPES%20FUNEBRES%20DE%20FRANCE%20229%20Bd%20de%20Marseille%2C%2083150%20Bandol&amp;z=18&amp;t=m\" data-map=\"JTdCJTIycG9zaXRpb25UeXBlJTIyJTNBJTIybWFwLWFkZHJlc3MlMjIlMkMlMjJhZGRyZXNzJTIyJTNBJTIyUE9NUEVTJTIwRlVORUJSRVMlMjBERSUyMEZSQU5DRSUyMDIyOSUyMEJkJTIwZGUlMjBNYXJzZWlsbGUlMkMlMjA4MzE1MCUyMEJhbmRvbCUyMiUyQyUyMnpvb20lMjIlM0ExOCUyQyUyMnR5cGVJZCUyMiUzQSUyMnJvYWQlMjIlMkMlMjJsYW5nJTIyJTNBbnVsbCUyQyUyMmFwaUtleSUyMiUzQW51bGwlMkMlMjJtYXJrZXJzJTIyJTNBJTVCJTVEJTdE\"><\/iframe>\n          <\/div>\n        <\/div>\n      <\/div>\n    <\/section>\n    <section class=\"u-align-center u-clearfix u-section-5\" id=\"sec-0744\">\n      <div class=\"u-clearfix u-sheet u-valign-middle u-sheet-1\">\n        <div class=\"u-list u-list-1\">\n          <div class=\"u-repeater u-repeater-1\">\n            <div class=\"u-container-style u-list-item u-repeater-item u-shape-rectangle\">\n              <div class=\"u-container-layout u-similar-container u-container-layout-1\">\n                <div alt=\"\" class=\"u-image u-image-circle u-image-1\" style=\"background-image: url(&quot;https:\/\/pompesfunebrestoulon.com\/lebeausset\/wp-content\/uploads\/sites\/13\/2022\/11\/photo-1.png&quot;);\"><\/div>\n                <h6 class=\"u-text u-text-1\"><b>Sabine Bach<\/b>\n                <\/h6>\n                <p class=\"u-text u-text-2\">Beaucoup d'empathie de la part de France lors de la c\u00e9r\u00e9monie, simple. elle nous a rendu les moments difficiles plus doux. Tr\u00e8s pro. Le syst\u00e8me d'aide aux d\u00e9marches administratives \u00e9galement tr\u00e8s utile<\/p>\n              <\/div>\n            <\/div>\n            <div class=\"u-container-style u-list-item u-repeater-item u-shape-rectangle\">\n              <div class=\"u-container-layout u-similar-container u-container-layout-2\">\n                <div alt=\"\" class=\"u-image u-image-circle u-image-2\" style=\"background-image: url(&quot;https:\/\/pompesfunebrestoulon.com\/lebeausset\/wp-content\/uploads\/sites\/13\/2022\/11\/unnamed-1.png&quot;);\"><\/div>\n                <h6 class=\"u-text u-text-3\"><b>patrick ollivier<\/b>\n                <\/h6>\n                <p class=\"u-text u-text-4\">un grand merci aux pff du beausset pour leurs prestations en particulier a mr figon courtoisie et respect dans nos demandes tr\u00e9s cordialement P.OLLIVIER.<\/p>\n              <\/div>\n            <\/div>\n            <div class=\"u-container-style u-list-item u-repeater-item u-shape-rectangle\">\n              <div class=\"u-container-layout u-similar-container u-container-layout-3\">\n                <div alt=\"\" class=\"u-image u-image-circle u-image-3\" data-image-width=\"128\" data-image-height=\"128\" style=\"background-image: url(&quot;https:\/\/pompesfunebrestoulon.com\/lebeausset\/wp-content\/uploads\/sites\/13\/2022\/11\/unnamed1-1.png&quot;);\"><\/div>\n                <h6 class=\"u-text u-text-5\"><b>Jean-Yves FOULGOC<\/b>\n                <\/h6>\n                <p class=\"u-text u-text-6\">Tr\u00e8s bonne prise en charge de notre dossier dans un contexte familial difficile. Une \u00e9quipe \u00e0 l'\u00e9coute et des prestations de service sans faille de la part de cette agence..<\/p>\n              <\/div>\n            <\/div>\n          <\/div>\n        <\/div>\n      <\/div>\n    <\/section>\n    \n    \n    \n  \n","protected":false},"excerpt":{"rendered":"<p>Pompes Fun\u00e8bres de France &#8211; Bandol L\u2019agence fun\u00e9raire Pompes Fun\u00e8bres de France vous apporte son assistance pour vous aider \u00e0 g\u00e9rer la perte d\u2019un proche. Elle intervient sur la commune de Le Beausset et ses alentours 24h sur 24 et 7j sur 7, avec ou sans rendez-vous. Des formules adapt\u00e9es \u00e0 toutes les situations sont &hellip; <a href=\"https:\/\/pompesfunebrestoulon.com\/lebeausset\/pompes-funebres-de-france-bandol\/\" class=\"more-link\">Continue reading<span class=\"screen-reader-text\"> \u00ab\u00a0POMPES FUNEBRES DE FRANCE &#8211; Bandol\u00a0\u00bb<\/span><\/a><\/p>\n","protected":false},"author":1,"featured_media":0,"parent":0,"menu_order":0,"comment_status":"closed","ping_status":"closed","template":"","meta":{"footnotes":""},"class_list":["post-144","page","type-page","status-publish","hentry"],"yoast_head":"<!-- This site is optimized with the Yoast SEO plugin v27.5 - https:\/\/yoast.com\/product\/yoast-seo-wordpress\/ -->\n<title>POMPES FUNEBRES DE FRANCE - Bandol - PF DE FRANCE - LE BEAUSSET<\/title>\n<meta name=\"robots\" content=\"index, follow, max-snippet:-1, max-image-preview:large, max-video-preview:-1\" \/>\n<link rel=\"canonical\" href=\"https:\/\/pompesfunebrestoulon.com\/lebeausset\/pompes-funebres-de-france-bandol\/\" \/>\n<meta property=\"og:locale\" content=\"fr_FR\" \/>\n<meta property=\"og:type\" content=\"article\" \/>\n<meta property=\"og:title\" content=\"POMPES FUNEBRES DE FRANCE - Bandol - PF DE FRANCE - LE BEAUSSET\" \/>\n<meta property=\"og:description\" content=\"Pompes Fun\u00e8bres de France - Bandol L\u2019agence fun\u00e9raire Pompes Fun\u00e8bres de France vous apporte son assistance pour vous aider \u00e0 g\u00e9rer la perte d\u2019un proche. Elle intervient sur la commune de Le Beausset et ses alentours 24h sur 24 et 7j sur 7, avec ou sans rendez-vous. Des formules adapt\u00e9es \u00e0 toutes les situations sont &hellip; Continue reading &quot;POMPES FUNEBRES DE FRANCE &#8211; Bandol&quot;\" \/>\n<meta property=\"og:url\" content=\"https:\/\/pompesfunebrestoulon.com\/lebeausset\/pompes-funebres-de-france-bandol\/\" \/>\n<meta property=\"og:site_name\" content=\"PF DE FRANCE - LE BEAUSSET\" \/>\n<meta name=\"twitter:card\" content=\"summary_large_image\" \/>\n<meta name=\"twitter:label1\" content=\"Dur\u00e9e de lecture estim\u00e9e\" \/>\n\t<meta name=\"twitter:data1\" content=\"1 minute\" \/>\n<script type=\"application\/ld+json\" class=\"yoast-schema-graph\">{\"@context\":\"https:\\\/\\\/schema.org\",\"@graph\":[{\"@type\":\"WebPage\",\"@id\":\"https:\\\/\\\/pompesfunebrestoulon.com\\\/lebeausset\\\/pompes-funebres-de-france-bandol\\\/\",\"url\":\"https:\\\/\\\/pompesfunebrestoulon.com\\\/lebeausset\\\/pompes-funebres-de-france-bandol\\\/\",\"name\":\"POMPES FUNEBRES DE FRANCE - Bandol - PF DE FRANCE - LE BEAUSSET\",\"isPartOf\":{\"@id\":\"https:\\\/\\\/pompesfunebrestoulon.com\\\/lebeausset\\\/#website\"},\"datePublished\":\"2022-11-14T10:35:53+00:00\",\"breadcrumb\":{\"@id\":\"https:\\\/\\\/pompesfunebrestoulon.com\\\/lebeausset\\\/pompes-funebres-de-france-bandol\\\/#breadcrumb\"},\"inLanguage\":\"fr-FR\",\"potentialAction\":[{\"@type\":\"ReadAction\",\"target\":[\"https:\\\/\\\/pompesfunebrestoulon.com\\\/lebeausset\\\/pompes-funebres-de-france-bandol\\\/\"]}]},{\"@type\":\"BreadcrumbList\",\"@id\":\"https:\\\/\\\/pompesfunebrestoulon.com\\\/lebeausset\\\/pompes-funebres-de-france-bandol\\\/#breadcrumb\",\"itemListElement\":[{\"@type\":\"ListItem\",\"position\":1,\"name\":\"Accueil\",\"item\":\"https:\\\/\\\/pompesfunebrestoulon.com\\\/lebeausset\\\/\"},{\"@type\":\"ListItem\",\"position\":2,\"name\":\"POMPES FUNEBRES DE FRANCE &#8211; Bandol\"}]},{\"@type\":\"WebSite\",\"@id\":\"https:\\\/\\\/pompesfunebrestoulon.com\\\/lebeausset\\\/#website\",\"url\":\"https:\\\/\\\/pompesfunebrestoulon.com\\\/lebeausset\\\/\",\"name\":\"PF DE FRANCE - LE BEAUSSET\",\"description\":\"Une entreprise familliale depuis 40 ans\",\"potentialAction\":[{\"@type\":\"SearchAction\",\"target\":{\"@type\":\"EntryPoint\",\"urlTemplate\":\"https:\\\/\\\/pompesfunebrestoulon.com\\\/lebeausset\\\/?s={search_term_string}\"},\"query-input\":{\"@type\":\"PropertyValueSpecification\",\"valueRequired\":true,\"valueName\":\"search_term_string\"}}],\"inLanguage\":\"fr-FR\"}]}<\/script>\n<!-- \/ Yoast SEO plugin. -->","yoast_head_json":{"title":"POMPES FUNEBRES DE FRANCE - Bandol - PF DE FRANCE - LE BEAUSSET","robots":{"index":"index","follow":"follow","max-snippet":"max-snippet:-1","max-image-preview":"max-image-preview:large","max-video-preview":"max-video-preview:-1"},"canonical":"https:\/\/pompesfunebrestoulon.com\/lebeausset\/pompes-funebres-de-france-bandol\/","og_locale":"fr_FR","og_type":"article","og_title":"POMPES FUNEBRES DE FRANCE - Bandol - PF DE FRANCE - LE BEAUSSET","og_description":"Pompes Fun\u00e8bres de France - Bandol L\u2019agence fun\u00e9raire Pompes Fun\u00e8bres de France vous apporte son assistance pour vous aider \u00e0 g\u00e9rer la perte d\u2019un proche. Elle intervient sur la commune de Le Beausset et ses alentours 24h sur 24 et 7j sur 7, avec ou sans rendez-vous. Des formules adapt\u00e9es \u00e0 toutes les situations sont &hellip; Continue reading \"POMPES FUNEBRES DE FRANCE &#8211; Bandol\"","og_url":"https:\/\/pompesfunebrestoulon.com\/lebeausset\/pompes-funebres-de-france-bandol\/","og_site_name":"PF DE FRANCE - LE BEAUSSET","twitter_card":"summary_large_image","twitter_misc":{"Dur\u00e9e de lecture estim\u00e9e":"1 minute"},"schema":{"@context":"https:\/\/schema.org","@graph":[{"@type":"WebPage","@id":"https:\/\/pompesfunebrestoulon.com\/lebeausset\/pompes-funebres-de-france-bandol\/","url":"https:\/\/pompesfunebrestoulon.com\/lebeausset\/pompes-funebres-de-france-bandol\/","name":"POMPES FUNEBRES DE FRANCE - Bandol - PF DE FRANCE - LE BEAUSSET","isPartOf":{"@id":"https:\/\/pompesfunebrestoulon.com\/lebeausset\/#website"},"datePublished":"2022-11-14T10:35:53+00:00","breadcrumb":{"@id":"https:\/\/pompesfunebrestoulon.com\/lebeausset\/pompes-funebres-de-france-bandol\/#breadcrumb"},"inLanguage":"fr-FR","potentialAction":[{"@type":"ReadAction","target":["https:\/\/pompesfunebrestoulon.com\/lebeausset\/pompes-funebres-de-france-bandol\/"]}]},{"@type":"BreadcrumbList","@id":"https:\/\/pompesfunebrestoulon.com\/lebeausset\/pompes-funebres-de-france-bandol\/#breadcrumb","itemListElement":[{"@type":"ListItem","position":1,"name":"Accueil","item":"https:\/\/pompesfunebrestoulon.com\/lebeausset\/"},{"@type":"ListItem","position":2,"name":"POMPES FUNEBRES DE FRANCE &#8211; Bandol"}]},{"@type":"WebSite","@id":"https:\/\/pompesfunebrestoulon.com\/lebeausset\/#website","url":"https:\/\/pompesfunebrestoulon.com\/lebeausset\/","name":"PF DE FRANCE - LE BEAUSSET","description":"Une entreprise familliale depuis 40 ans","potentialAction":[{"@type":"SearchAction","target":{"@type":"EntryPoint","urlTemplate":"https:\/\/pompesfunebrestoulon.com\/lebeausset\/?s={search_term_string}"},"query-input":{"@type":"PropertyValueSpecification","valueRequired":true,"valueName":"search_term_string"}}],"inLanguage":"fr-FR"}]}},"_links":{"self":[{"href":"https:\/\/pompesfunebrestoulon.com\/lebeausset\/wp-json\/wp\/v2\/pages\/144","targetHints":{"allow":["GET"]}}],"collection":[{"href":"https:\/\/pompesfunebrestoulon.com\/lebeausset\/wp-json\/wp\/v2\/pages"}],"about":[{"href":"https:\/\/pompesfunebrestoulon.com\/lebeausset\/wp-json\/wp\/v2\/types\/page"}],"author":[{"embeddable":true,"href":"https:\/\/pompesfunebrestoulon.com\/lebeausset\/wp-json\/wp\/v2\/users\/1"}],"replies":[{"embeddable":true,"href":"https:\/\/pompesfunebrestoulon.com\/lebeausset\/wp-json\/wp\/v2\/comments?post=144"}],"version-history":[{"count":4,"href":"https:\/\/pompesfunebrestoulon.com\/lebeausset\/wp-json\/wp\/v2\/pages\/144\/revisions"}],"predecessor-version":[{"id":153,"href":"https:\/\/pompesfunebrestoulon.com\/lebeausset\/wp-json\/wp\/v2\/pages\/144\/revisions\/153"}],"wp:attachment":[{"href":"https:\/\/pompesfunebrestoulon.com\/lebeausset\/wp-json\/wp\/v2\/media?parent=144"}],"curies":[{"name":"wp","href":"https:\/\/api.w.org\/{rel}","templated":true}]}}