{"id":10,"date":"2022-02-08T18:52:55","date_gmt":"2022-02-08T17:52:55","guid":{"rendered":"https:\/\/pompesfunebrestoulon.com\/?page_id=10"},"modified":"2022-03-12T17:43:00","modified_gmt":"2022-03-12T16:43:00","slug":"une-entreprise-familiale","status":"publish","type":"page","link":"https:\/\/pompesfunebrestoulon.com\/hyeres\/","title":{"rendered":"PF DE FRANCE &#8211; HYERES"},"content":{"rendered":"\n    \n    <section class=\"u-clearfix u-section-2\" id=\"sec-a807\">\n      <div class=\"u-clearfix u-sheet u-valign-top u-sheet-1\">\n        <p class=\"u-align-center u-text u-text-default u-text-palette-2-base u-text-1\">VOTRE DEVIS PERSONNALIS\u00c9<\/p>\n        <div class=\"u-clearfix u-expanded-width-md u-expanded-width-sm u-expanded-width-xs u-gutter-20 u-layout-wrap u-layout-wrap-1\">\n          <div class=\"u-layout\">\n            <div class=\"u-layout-row\">\n              <div class=\"u-align-center-lg u-align-center-md u-align-center-sm u-align-center-xl u-container-style u-layout-cell u-size-20 u-layout-cell-1\">\n                <div class=\"u-container-layout u-valign-top-lg u-valign-top-md u-valign-top-sm u-valign-top-xl u-container-layout-1\">\n                  <div class=\"u-align-center u-container-style u-group u-hover-feature u-opacity u-opacity-95 u-palette-2-base u-group-1\" data-href=\"https:\/\/pompesfunebrestoulon.com\/obtenir-un-devis\/\" title=\"Devis obs\u00e8ques\">\n                    <div class=\"u-container-layout u-valign-middle u-container-layout-2\">\n                      <img decoding=\"async\" src=\"https:\/\/pompesfunebrestoulon.com\/hyeres\/wp-content\/uploads\/2022\/02\/icon-1-1.png\" alt=\"\" class=\"u-align-center u-expanded-width-md u-expanded-width-sm u-image u-image-default u-preserve-proportions u-image-1\" data-image-width=\"86\" data-image-height=\"80\" data-href=\"https:\/\/pompesfunebrestoulon.com\/hyeres\/obtenir-un-devis\/\" title=\"Devis obs\u00e8ques\">\n                    <\/div>\n                  <\/div>\n                <\/div>\n              <\/div>\n              <div class=\"u-container-style u-layout-cell u-shape-rectangle u-size-20 u-layout-cell-2\">\n                <div class=\"u-container-layout u-container-layout-3\">\n                  <div class=\"u-container-style u-group u-hover-feature u-palette-2-base u-group-2\">\n                    <div class=\"u-container-layout u-valign-middle u-container-layout-4\">\n                      <img decoding=\"async\" src=\"https:\/\/pompesfunebrestoulon.com\/hyeres\/wp-content\/uploads\/2022\/02\/icon-2.png\" alt=\"\" class=\"u-align-center u-image u-image-default u-preserve-proportions u-image-2\">\n                    <\/div>\n                  <\/div>\n                <\/div>\n              <\/div>\n              <div class=\"u-container-style u-layout-cell u-size-20 u-layout-cell-3\">\n                <div class=\"u-container-layout u-valign-middle-sm u-valign-top-xs u-container-layout-5\">\n                  <div class=\"u-container-style u-group u-hover-feature u-palette-2-base u-group-3\" data-href=\"https:\/\/pompesfunebrestoulon.com\/hyeres\/marbrerie\/\" title=\"Devis marbrerie\">\n                    <div class=\"u-container-layout u-container-layout-6\">\n                      <img decoding=\"async\" src=\"https:\/\/pompesfunebrestoulon.com\/hyeres\/wp-content\/uploads\/2022\/02\/icon-3.png\" alt=\"\" class=\"u-image u-image-default u-preserve-proportions u-image-3\" data-image-width=\"86\" data-image-height=\"80\">\n                    <\/div>\n                  <\/div>\n                <\/div>\n              <\/div>\n            <\/div>\n          <\/div>\n        <\/div>\n      <\/div>\n      \n      \n      \n    <\/section>\n    <section class=\"u-align-left u-clearfix u-color-scheme-summer-time u-color-style-multicolor-1 u-image u-section-3\" id=\"sec-2394\" data-image-width=\"1000\" data-image-height=\"484\" style=\"background-image: url(&quot;https:\/\/pompesfunebrestoulon.com\/hyeres\/wp-content\/uploads\/2022\/02\/imagesite.jpg&quot;);\">\n      <div class=\"u-clearfix u-sheet u-sheet-1\"><\/div>\n    <\/section>\n    <section class=\"u-clearfix u-section-4\" id=\"sec-0f55\">\n      <div class=\"u-clearfix u-sheet u-sheet-1\">\n        <div class=\"u-clearfix u-expanded-width u-gutter-20 u-layout-wrap u-layout-wrap-1\">\n          <div class=\"u-layout\" style=\"\">\n            <div class=\"u-layout-row\" style=\"\">\n              <div class=\"u-container-style u-layout-cell u-left-cell u-size-28-xl u-size-32-lg u-size-32-md u-size-32-sm u-size-32-xs u-size-xs-60 u-white u-layout-cell-1\" src=\"\">\n                <div class=\"u-container-layout u-valign-top-xs u-container-layout-1\">\n                  <img decoding=\"async\" src=\"https:\/\/pompesfunebrestoulon.com\/hyeres\/wp-content\/uploads\/sites\/4\/2022\/02\/icone_1-1.png\" alt=\"\" class=\"u-image u-image-default u-preserve-proportions u-image-1\">\n                  <h2 class=\"u-align-center u-text u-text-1\">ENTREPRISE FAMILIALE<\/h2>\n                  <p class=\"u-align-center u-text u-text-2\">&nbsp; &nbsp;Depuis 40 ans&nbsp;<\/p>\n                  <p class=\"u-align-left u-text u-text-3\">Situ\u00e9&nbsp;81 Av Alphonse DENIS, au bon puits&nbsp;le point d'accueil Pompes fun\u00e8bres - Marbrerie<br>\n                  <\/p>\n                  <p class=\"u-align-center u-text u-text-4\">\n                    <span style=\"font-weight: 700;\">POMPES FUNEBRES DE FRANCE<\/span>\n                    <span style=\"font-weight: 700;\"><\/span>\n                    <br>\n                  <\/p>\n                  <p class=\"u-align-left u-text u-text-5\">vous accueille et propose toutes op\u00e9rations fun\u00e9raires.&nbsp;<br>\n                  <\/p>\n                  <p class=\"u-align-left u-text u-text-6\">Du lundi au vendredi de 9 heures \u00e0 18 heures tous les jours de la semaine.<br>\n                  <\/p>\n                  <p class=\"u-align-left u-text u-text-7\">Le Samedi et le Dimanche et en dehors des horaires de fermeture une permanence t\u00e9l\u00e9phonique est assur\u00e9e 24 h sur 24 et 7 jours sur 7<\/p>\n                  <p class=\"u-align-center u-text u-text-8\">\n                    <span style=\"font-weight: 700; font-size: 1.5rem;\">\n                      <tcxspan tcxhref=\"0494918619\" title=\"Call 04 94 91 86 19 via 3CX\">04 94 91 86 19<\/tcxspan>\n                    <\/span>\n                  <\/p>\n                  <p class=\"u-align-left u-text u-text-9\">Il est en mesure de vous aider \u00e0 organiser des obs\u00e8ques, cr\u00e9mations ou toutes prestations fun\u00e9raires.<br>\n                  <\/p>\n                  <p class=\"u-align-left u-text u-text-10\">Qu'il s'agisse de proc\u00e9der \u00e0 une admission en chambre fun\u00e9raire, des obs\u00e8ques locales, \u00e0 une cr\u00e9mation ou \u00e0 un transport de corps hors commune,&nbsp;POMPES FUNEBRES DE FRANCE&nbsp;est \u00e0 votre \u00e9coute pour vous conseiller au mieux.<br>\n                  <\/p>\n                  <p class=\"u-align-left u-text u-text-11\">Disposant de ses propres installations ou ayant acc\u00e8s aux diff\u00e9rentes chambres fun\u00e9raires de la r\u00e9gion,&nbsp;POMPES FUNEBRES DE FRANCE -HYERES, peut faire admettre toutes personnes d\u00e9c\u00e9d\u00e9es dans la commune, hors commune ou dans un \u00e9tablissement de sant\u00e9.<br>\n                  <\/p>\n                  <p class=\"u-align-left u-text u-text-12\">Un conseiller fun\u00e9raire peut vous recevoir tous les jours de la semaine de 9h \u00e0 12h et de 14h \u00e0 18h.<br>\n                  <\/p>\n                  <p class=\"u-align-left u-text u-text-13\">En dehors des heures d'ouverture, une permanence t\u00e9l\u00e9phonique 24h\/24 et 7 j\/7 est \u00e0 votre \u00e9coute pour prendre toutes dispositions en cas de d\u00e9c\u00e8s.<\/p>\n                <\/div>\n              <\/div>\n              <div class=\"u-container-style u-layout-cell u-right-cell u-size-28-lg u-size-28-md u-size-28-sm u-size-28-xs u-size-32-xl u-size-xs-60 u-layout-cell-2\" src=\"\">\n                <div class=\"u-container-layout u-valign-middle u-container-layout-2\" src=\"\">\n                  <img decoding=\"async\" class=\"u-align-center u-image u-image-2\" src=\"https:\/\/pompesfunebrestoulon.com\/hyeres\/wp-content\/uploads\/sites\/4\/2022\/02\/interieur.jpg\">\n                <\/div>\n              <\/div>\n            <\/div>\n          <\/div>\n        <\/div>\n      <\/div>\n    <\/section>\n    <section class=\"u-clearfix u-section-5\" id=\"sec-359b\">\n      <div class=\"u-clearfix u-sheet u-valign-middle u-sheet-1\">\n        <div class=\"u-clearfix u-expanded-width u-gutter-26 u-layout-wrap u-layout-wrap-1\">\n          <div class=\"u-layout\">\n            <div class=\"u-layout-row\">\n              <div class=\"u-container-style u-image u-layout-cell u-size-20 u-image-1\" data-image-width=\"327\" data-image-height=\"242\" style=\"background-image: url(&quot;https:\/\/pompesfunebrestoulon.com\/hyeres\/wp-content\/uploads\/2022\/02\/tile-2.jpg&quot;);\">\n                <div class=\"u-container-layout u-valign-top u-container-layout-1\">\n                  <h3 class=\"u-text u-text-1\">QUESTIONS LES PLUS FREQUENTES<\/h3>\n                <\/div>\n              <\/div>\n              <div class=\"u-container-style u-image u-layout-cell u-size-40 u-image-2\" data-image-width=\"608\" data-image-height=\"242\" style=\"background-image: url(&quot;https:\/\/pompesfunebrestoulon.com\/hyeres\/wp-content\/uploads\/2022\/02\/tile-3.jpg&quot;);\">\n                <div class=\"u-container-layout u-container-layout-2\"><\/div>\n              <\/div>\n            <\/div>\n          <\/div>\n        <\/div>\n      <\/div>\n    <\/section>\n    <section class=\"u-clearfix u-section-6\" id=\"sec-b86d\">\n      <div class=\"u-clearfix u-sheet u-valign-middle u-sheet-1\">\n        <div class=\"u-clearfix u-expanded-width u-gutter-26 u-layout-wrap u-layout-wrap-1\">\n          <div class=\"u-layout\">\n            <div class=\"u-layout-row\">\n              <div class=\"u-container-style u-image u-layout-cell u-size-40 u-image-1\" data-image-width=\"606\" data-image-height=\"242\" style=\"background-image: url(&quot;https:\/\/pompesfunebrestoulon.com\/hyeres\/wp-content\/uploads\/2022\/02\/tile-4.jpg&quot;);\">\n                <div class=\"u-container-layout u-container-layout-1\"><\/div>\n              <\/div>\n              <div class=\"u-container-style u-image u-layout-cell u-size-20 u-image-2\" data-image-width=\"328\" data-image-height=\"244\" style=\"background-image: url(&quot;https:\/\/pompesfunebrestoulon.com\/hyeres\/wp-content\/uploads\/2022\/02\/tile-5.jpg&quot;);\">\n                <div class=\"u-container-layout u-container-layout-2\"><\/div>\n              <\/div>\n            <\/div>\n          <\/div>\n        <\/div>\n      <\/div>\n    <\/section>\n    <section class=\"u-clearfix u-grey-light-2 u-typography-custom-page-typography-12--Map u-section-7\" id=\"sec-6a06\">\n      <div class=\"u-clearfix u-sheet u-sheet-1\">\n        <div class=\"u-grey-light-2 u-map u-map-1\">\n          <div class=\"embed-responsive\">\n            <iframe class=\"embed-responsive-item\" src=\"\/\/maps.google.com\/maps?output=embed&amp;q=pompes%20funebres%20de%20france%20toulon%20pt%20du%20las&amp;z=17&amp;t=m\" data-map=\"JTdCJTIycG9zaXRpb25UeXBlJTIyJTNBJTIybWFwLWFkZHJlc3MlMjIlMkMlMjJhZGRyZXNzJTIyJTNBJTIycG9tcGVzJTIwZnVuZWJyZXMlMjBkZSUyMGZyYW5jZSUyMHRvdWxvbiUyMHB0JTIwZHUlMjBsYXMlMjIlMkMlMjJ6b29tJTIyJTNBMTclMkMlMjJ0eXBlSWQlMjIlM0ElMjJyb2FkJTIyJTJDJTIybGFuZyUyMiUzQW51bGwlMkMlMjJhcGlLZXklMjIlM0FudWxsJTJDJTIybWFya2VycyUyMiUzQSU1QiU1RCU3RA==\"><\/iframe>\n          <\/div>\n        <\/div>\n      <\/div>\n    <\/section>\n    \n    \n    \n  \n","protected":false},"excerpt":{"rendered":"<p>VOTRE DEVIS PERSONNALIS\u00c9 ENTREPRISE FAMILIALE &nbsp; &nbsp;Depuis 40 ans&nbsp; Situ\u00e9&nbsp;81 Av Alphonse DENIS, au bon puits&nbsp;le point d&rsquo;accueil Pompes fun\u00e8bres &#8211; Marbrerie POMPES FUNEBRES DE FRANCE vous accueille et propose toutes op\u00e9rations fun\u00e9raires.&nbsp; Du lundi au vendredi de 9 heures \u00e0 18 heures tous les jours de la semaine. Le Samedi et le Dimanche et &hellip; <a href=\"https:\/\/pompesfunebrestoulon.com\/hyeres\/\" class=\"more-link\">Continue reading<span class=\"screen-reader-text\"> \u00ab\u00a0PF DE FRANCE &#8211; HYERES\u00a0\u00bb<\/span><\/a><\/p>\n","protected":false},"author":1,"featured_media":0,"parent":0,"menu_order":0,"comment_status":"closed","ping_status":"closed","template":"","meta":{"footnotes":""},"class_list":["post-10","page","type-page","status-publish","hentry"],"yoast_head":"<!-- This site is optimized with the Yoast SEO plugin v27.5 - https:\/\/yoast.com\/product\/yoast-seo-wordpress\/ -->\n<title>PF DE FRANCE - HYERES Une entreprise familiale depuis 40 ans<\/title>\n<meta name=\"description\" content=\"T\u00e9l: 04 94 98 68 61 - POMPES FUNEBRES DE FRANCE - TOULON -158 Av du XVemme corps 83100 TOULON - Marbrerie - Contrat obs\u00e8ques\" \/>\n<meta name=\"robots\" content=\"index, follow, max-snippet:-1, max-image-preview:large, max-video-preview:-1\" \/>\n<link rel=\"canonical\" href=\"https:\/\/pompesfunebrestoulon.com\/hyeres\/\" \/>\n<meta property=\"og:locale\" content=\"fr_FR\" \/>\n<meta property=\"og:type\" content=\"article\" \/>\n<meta property=\"og:title\" content=\"PF DE FRANCE - HYERES Une entreprise familiale depuis 40 ans\" \/>\n<meta property=\"og:description\" content=\"T\u00e9l: 04 94 98 68 61 - POMPES FUNEBRES DE FRANCE - TOULON -158 Av du XVemme corps 83100 TOULON - Marbrerie - Contrat obs\u00e8ques\" \/>\n<meta property=\"og:url\" content=\"https:\/\/pompesfunebrestoulon.com\/hyeres\/\" \/>\n<meta property=\"og:site_name\" content=\"PF DE FRANCE - HYERES\" \/>\n<meta property=\"article:modified_time\" content=\"2022-03-12T16:43:00+00:00\" \/>\n<meta name=\"twitter:card\" content=\"summary_large_image\" \/>\n<meta name=\"twitter:label1\" content=\"Dur\u00e9e de lecture estim\u00e9e\" \/>\n\t<meta name=\"twitter:data1\" content=\"1 minute\" \/>\n<script type=\"application\/ld+json\" class=\"yoast-schema-graph\">{\"@context\":\"https:\\\/\\\/schema.org\",\"@graph\":[{\"@type\":\"WebPage\",\"@id\":\"https:\\\/\\\/pompesfunebrestoulon.com\\\/hyeres\\\/\",\"url\":\"https:\\\/\\\/pompesfunebrestoulon.com\\\/hyeres\\\/\",\"name\":\"PF DE FRANCE - HYERES Une entreprise familiale depuis 40 ans\",\"isPartOf\":{\"@id\":\"https:\\\/\\\/pompesfunebrestoulon.com\\\/hyeres\\\/#website\"},\"datePublished\":\"2022-02-08T17:52:55+00:00\",\"dateModified\":\"2022-03-12T16:43:00+00:00\",\"description\":\"T\u00e9l: 04 94 98 68 61 - POMPES FUNEBRES DE FRANCE - TOULON -158 Av du XVemme corps 83100 TOULON - Marbrerie - Contrat obs\u00e8ques\",\"breadcrumb\":{\"@id\":\"https:\\\/\\\/pompesfunebrestoulon.com\\\/hyeres\\\/#breadcrumb\"},\"inLanguage\":\"fr-FR\",\"potentialAction\":[{\"@type\":\"ReadAction\",\"target\":[\"https:\\\/\\\/pompesfunebrestoulon.com\\\/hyeres\\\/\"]}]},{\"@type\":\"BreadcrumbList\",\"@id\":\"https:\\\/\\\/pompesfunebrestoulon.com\\\/hyeres\\\/#breadcrumb\",\"itemListElement\":[{\"@type\":\"ListItem\",\"position\":1,\"name\":\"Accueil\",\"item\":\"https:\\\/\\\/pompesfunebrestoulon.com\\\/hyeres\\\/\"},{\"@type\":\"ListItem\",\"position\":2,\"name\":\"PF DE FRANCE &#8211; HYERES\"}]},{\"@type\":\"WebSite\",\"@id\":\"https:\\\/\\\/pompesfunebrestoulon.com\\\/hyeres\\\/#website\",\"url\":\"https:\\\/\\\/pompesfunebrestoulon.com\\\/hyeres\\\/\",\"name\":\"PF DE FRANCE - HYERES\",\"description\":\"Une entreprise familiale depuis 40 ans\",\"potentialAction\":[{\"@type\":\"SearchAction\",\"target\":{\"@type\":\"EntryPoint\",\"urlTemplate\":\"https:\\\/\\\/pompesfunebrestoulon.com\\\/hyeres\\\/?s={search_term_string}\"},\"query-input\":{\"@type\":\"PropertyValueSpecification\",\"valueRequired\":true,\"valueName\":\"search_term_string\"}}],\"inLanguage\":\"fr-FR\"}]}<\/script>\n<!-- \/ Yoast SEO plugin. -->","yoast_head_json":{"title":"PF DE FRANCE - HYERES Une entreprise familiale depuis 40 ans","description":"T\u00e9l: 04 94 98 68 61 - POMPES FUNEBRES DE FRANCE - TOULON -158 Av du XVemme corps 83100 TOULON - Marbrerie - Contrat obs\u00e8ques","robots":{"index":"index","follow":"follow","max-snippet":"max-snippet:-1","max-image-preview":"max-image-preview:large","max-video-preview":"max-video-preview:-1"},"canonical":"https:\/\/pompesfunebrestoulon.com\/hyeres\/","og_locale":"fr_FR","og_type":"article","og_title":"PF DE FRANCE - HYERES Une entreprise familiale depuis 40 ans","og_description":"T\u00e9l: 04 94 98 68 61 - POMPES FUNEBRES DE FRANCE - TOULON -158 Av du XVemme corps 83100 TOULON - Marbrerie - Contrat obs\u00e8ques","og_url":"https:\/\/pompesfunebrestoulon.com\/hyeres\/","og_site_name":"PF DE FRANCE - HYERES","article_modified_time":"2022-03-12T16:43:00+00:00","twitter_card":"summary_large_image","twitter_misc":{"Dur\u00e9e de lecture estim\u00e9e":"1 minute"},"schema":{"@context":"https:\/\/schema.org","@graph":[{"@type":"WebPage","@id":"https:\/\/pompesfunebrestoulon.com\/hyeres\/","url":"https:\/\/pompesfunebrestoulon.com\/hyeres\/","name":"PF DE FRANCE - HYERES Une entreprise familiale depuis 40 ans","isPartOf":{"@id":"https:\/\/pompesfunebrestoulon.com\/hyeres\/#website"},"datePublished":"2022-02-08T17:52:55+00:00","dateModified":"2022-03-12T16:43:00+00:00","description":"T\u00e9l: 04 94 98 68 61 - POMPES FUNEBRES DE FRANCE - TOULON -158 Av du XVemme corps 83100 TOULON - Marbrerie - Contrat obs\u00e8ques","breadcrumb":{"@id":"https:\/\/pompesfunebrestoulon.com\/hyeres\/#breadcrumb"},"inLanguage":"fr-FR","potentialAction":[{"@type":"ReadAction","target":["https:\/\/pompesfunebrestoulon.com\/hyeres\/"]}]},{"@type":"BreadcrumbList","@id":"https:\/\/pompesfunebrestoulon.com\/hyeres\/#breadcrumb","itemListElement":[{"@type":"ListItem","position":1,"name":"Accueil","item":"https:\/\/pompesfunebrestoulon.com\/hyeres\/"},{"@type":"ListItem","position":2,"name":"PF DE FRANCE &#8211; HYERES"}]},{"@type":"WebSite","@id":"https:\/\/pompesfunebrestoulon.com\/hyeres\/#website","url":"https:\/\/pompesfunebrestoulon.com\/hyeres\/","name":"PF DE FRANCE - HYERES","description":"Une entreprise familiale depuis 40 ans","potentialAction":[{"@type":"SearchAction","target":{"@type":"EntryPoint","urlTemplate":"https:\/\/pompesfunebrestoulon.com\/hyeres\/?s={search_term_string}"},"query-input":{"@type":"PropertyValueSpecification","valueRequired":true,"valueName":"search_term_string"}}],"inLanguage":"fr-FR"}]}},"_links":{"self":[{"href":"https:\/\/pompesfunebrestoulon.com\/hyeres\/wp-json\/wp\/v2\/pages\/10","targetHints":{"allow":["GET"]}}],"collection":[{"href":"https:\/\/pompesfunebrestoulon.com\/hyeres\/wp-json\/wp\/v2\/pages"}],"about":[{"href":"https:\/\/pompesfunebrestoulon.com\/hyeres\/wp-json\/wp\/v2\/types\/page"}],"author":[{"embeddable":true,"href":"https:\/\/pompesfunebrestoulon.com\/hyeres\/wp-json\/wp\/v2\/users\/1"}],"replies":[{"embeddable":true,"href":"https:\/\/pompesfunebrestoulon.com\/hyeres\/wp-json\/wp\/v2\/comments?post=10"}],"version-history":[{"count":4,"href":"https:\/\/pompesfunebrestoulon.com\/hyeres\/wp-json\/wp\/v2\/pages\/10\/revisions"}],"predecessor-version":[{"id":174,"href":"https:\/\/pompesfunebrestoulon.com\/hyeres\/wp-json\/wp\/v2\/pages\/10\/revisions\/174"}],"wp:attachment":[{"href":"https:\/\/pompesfunebrestoulon.com\/hyeres\/wp-json\/wp\/v2\/media?parent=10"}],"curies":[{"name":"wp","href":"https:\/\/api.w.org\/{rel}","templated":true}]}}